{"id":24,"date":"2024-01-17T21:35:38","date_gmt":"2024-01-18T00:35:38","guid":{"rendered":"https:\/\/www.colegioquimahue.cl\/quimahue\/?page_id=24"},"modified":"2024-05-14T18:29:08","modified_gmt":"2024-05-14T22:29:08","slug":"quienes-somos","status":"publish","type":"page","link":"https:\/\/www.colegioquimahue.cl\/quimahue\/quienes-somos\/","title":{"rendered":"Introducci\u00f3n"},"content":{"rendered":"\n<p><em>\u00abLa educaci\u00f3n es el proceso de aprendizaje permanente que abarca las distintas etapas de la vida de las personas y que tiene como finalidad alcanzar su desarrollo espiritual, \u00e9tico, moral, afectivo, intelectual, art\u00edstico y f\u00edsico, mediante la transmisi\u00f3n y el cultivo de valores, conocimientos y destrezas. Se enmarca en el respeto y valoraci\u00f3n de los derechos humanos y de las libertades fundamentales, de la diversidad multicultural y de la paz, y de nuestra identidad nacional, capacitando a las personas para conducir su vida en forma plena, para convivir y participar en forma responsable, tolerante, solidaria, democr\u00e1tica y activa en la comunidad, y para trabajar y contribuir al desarrollo del pa\u00eds.\u00bb<\/em><\/p>\n\n\n\n<p><em>MINEDUC (2009: 2) Ley General de Educaci\u00f3n.<\/em> <a href=\"#_edn1\" id=\"_ednref1\">[i]<\/a><\/p>\n\n\n\n<hr class=\"wp-block-separator has-alpha-channel-opacity\"\/>\n\n\n\n<p><\/p>\n","protected":false},"excerpt":{"rendered":"<p>\u00abLa educaci\u00f3n es el proceso de aprendizaje permanente que abarca las distintas etapas de la vida de las personas y que tiene como finalidad alcanzar su desarrollo espiritual, \u00e9tico, moral,&hellip; <\/p>\n","protected":false},"author":1,"featured_media":0,"parent":0,"menu_order":0,"comment_status":"closed","ping_status":"closed","template":"","meta":{"footnotes":""},"class_list":["post-24","page","type-page","status-publish","hentry"],"_links":{"self":[{"href":"https:\/\/www.colegioquimahue.cl\/quimahue\/wp-json\/wp\/v2\/pages\/24","targetHints":{"allow":["GET"]}}],"collection":[{"href":"https:\/\/www.colegioquimahue.cl\/quimahue\/wp-json\/wp\/v2\/pages"}],"about":[{"href":"https:\/\/www.colegioquimahue.cl\/quimahue\/wp-json\/wp\/v2\/types\/page"}],"author":[{"embeddable":true,"href":"https:\/\/www.colegioquimahue.cl\/quimahue\/wp-json\/wp\/v2\/users\/1"}],"replies":[{"embeddable":true,"href":"https:\/\/www.colegioquimahue.cl\/quimahue\/wp-json\/wp\/v2\/comments?post=24"}],"version-history":[{"count":8,"href":"https:\/\/www.colegioquimahue.cl\/quimahue\/wp-json\/wp\/v2\/pages\/24\/revisions"}],"predecessor-version":[{"id":1144,"href":"https:\/\/www.colegioquimahue.cl\/quimahue\/wp-json\/wp\/v2\/pages\/24\/revisions\/1144"}],"wp:attachment":[{"href":"https:\/\/www.colegioquimahue.cl\/quimahue\/wp-json\/wp\/v2\/media?parent=24"}],"curies":[{"name":"wp","href":"https:\/\/api.w.org\/{rel}","templated":true}]}}