{"id":34,"date":"2024-01-17T21:37:29","date_gmt":"2024-01-18T00:37:29","guid":{"rendered":"https:\/\/www.colegioquimahue.cl\/quimahue\/?page_id=34"},"modified":"2024-04-12T08:45:48","modified_gmt":"2024-04-12T12:45:48","slug":"actividades","status":"publish","type":"page","link":"https:\/\/www.colegioquimahue.cl\/quimahue\/actividades\/","title":{"rendered":"Actividades"},"content":{"rendered":"<div class=\"pt-cv-wrapper\"><div class=\"pt-cv-view pt-cv-blockgrid iscvblock iscvhybrid list1 layout1\" id=\"pt-cv-view-673af344s9\"><div data-id=\"pt-cv-page-1\" class=\"pt-cv-page\" data-cvc=\"1\"><div class=\" pt-cv-content-item pt-cv-2-col\" ><div class=\"pt-cv-thumb-wrapper pull-left \"><a href=\"https:\/\/www.colegioquimahue.cl\/quimahue\/undecimo-concurso-literio-colegio-quimahue-2024\/\" class=\"_self pt-cv-href-thumbnail pt-cv-thumb-left\" target=\"_self\" ><img loading=\"lazy\" decoding=\"async\" width=\"300\" height=\"178\" src=\"https:\/\/www.colegioquimahue.cl\/quimahue\/wp-content\/uploads\/2024\/05\/icono-de-taman\u0303o-grande-300x178.jpeg\" class=\"pt-cv-thumbnail pull-left\" alt=\"\" \/><\/a><\/div>\n<div class=\"pt-cv-colwrap\"><div class=\"pt-cv-taxoterm above_title\"><a href='https:\/\/www.colegioquimahue.cl\/quimahue\/categorias\/actividades\/' title='Actividades' class='pt-cv-tax-actividades'>Actividades<\/a><\/div><h4 class=\"pt-cv-title\"><a href=\"https:\/\/www.colegioquimahue.cl\/quimahue\/undecimo-concurso-literio-colegio-quimahue-2024\/\" class=\"_self\" target=\"_self\" >UND\u00c9CIMO CONCURSO LITERIO COLEGIO QUIMAHUE 2024<\/a><\/h4><div class=\"pt-cv-content\">Una nueva versi\u00f3n de nuestro concurso interno de poes\u00eda y cuento se llev\u00f3 a cabo el reci\u00e9n pasado mes de abril (Mes del libro). El concurso estuvo dividido en tres categor\u00edas con la especial participaci\u00f3n de los estudiantes de 1\u00b0 b\u00e1sico. Una gran respuesta se dio entre los estudiantes de 5\u00b0 a 8\u00b0 b\u00e1sico y entre los del Primer ciclo. Algo para destacar tambi\u00e9n, fue el hecho, que, en ense\u00f1anza media, se destacaron nobeles escritores, que era, incluso, primera vez ...<br \/><div class=\"pt-cv-rmwrap\"><a href=\"https:\/\/www.colegioquimahue.cl\/quimahue\/undecimo-concurso-literio-colegio-quimahue-2024\/\" class=\"_self pt-cv-readmore btn btn-success\" target=\"_self\">Leer M\u00e1s<\/a><\/div><\/div><\/div><\/div>\n<div class=\" pt-cv-content-item pt-cv-2-col\" ><div class=\"pt-cv-thumb-wrapper pull-left \"><a href=\"https:\/\/www.colegioquimahue.cl\/quimahue\/dia-del-estudiante-quimahuepalooza\/\" class=\"_self pt-cv-href-thumbnail pt-cv-thumb-left\" target=\"_self\" ><img loading=\"lazy\" decoding=\"async\" width=\"300\" height=\"167\" src=\"https:\/\/www.colegioquimahue.cl\/quimahue\/wp-content\/uploads\/2024\/05\/Dia-Est_4-300x167.jpg\" class=\"pt-cv-thumbnail pull-left\" alt=\"\" \/><\/a><\/div>\n<div class=\"pt-cv-colwrap\"><div class=\"pt-cv-taxoterm above_title\"><a href='https:\/\/www.colegioquimahue.cl\/quimahue\/categorias\/actividades\/' title='Actividades' class='pt-cv-tax-actividades'>Actividades<\/a><\/div><h4 class=\"pt-cv-title\"><a href=\"https:\/\/www.colegioquimahue.cl\/quimahue\/dia-del-estudiante-quimahuepalooza\/\" class=\"_self\" target=\"_self\" >D\u00cdA DEL ESTUDIANTE QUIMAHUEPALOOZA<\/a><\/h4><div class=\"pt-cv-content\">Una jornada \u201credonda\u201d se vivi\u00f3 el pasado viernes 10 de mayo, ocasi\u00f3n en la que se toparon dos fechas importantes para nuestra comunidad: D\u00eda del Estudiante y el D\u00eda de la Madre. El primero, comenz\u00f3 con el tradicional desayuno preparado por padres y apoderados de los respectivos cursos, sigui\u00f3 con el show preparado para esta instancia. \u201cCirco Machal\u00ed\u201d y su n\u00famero de acrobacia, malabarismo y humor supo entibiar los \u00e1nimos para lo que ser\u00eda el plato fuerte: el show \u201cQuimahuepalooza\u201d ...<br \/><div class=\"pt-cv-rmwrap\"><a href=\"https:\/\/www.colegioquimahue.cl\/quimahue\/dia-del-estudiante-quimahuepalooza\/\" class=\"_self pt-cv-readmore btn btn-success\" target=\"_self\">Leer M\u00e1s<\/a><\/div><\/div><\/div><\/div>\n<div class=\" pt-cv-content-item pt-cv-2-col\" ><div class=\"pt-cv-thumb-wrapper pull-left \"><a href=\"https:\/\/www.colegioquimahue.cl\/quimahue\/dia-mundial-de-la-actividad-fisica-y-de-la-convivencia-escolar\/\" class=\"_self pt-cv-href-thumbnail pt-cv-thumb-left\" target=\"_self\" ><img loading=\"lazy\" decoding=\"async\" width=\"300\" height=\"125\" src=\"https:\/\/www.colegioquimahue.cl\/quimahue\/wp-content\/uploads\/2024\/05\/Actividad-y-Convivencia_13-300x125.jpg\" class=\"pt-cv-thumbnail pull-left\" alt=\"\" \/><\/a><\/div>\n<div class=\"pt-cv-colwrap\"><div class=\"pt-cv-taxoterm above_title\"><a href='https:\/\/www.colegioquimahue.cl\/quimahue\/categorias\/actividades\/' title='Actividades' class='pt-cv-tax-actividades'>Actividades<\/a><\/div><h4 class=\"pt-cv-title\"><a href=\"https:\/\/www.colegioquimahue.cl\/quimahue\/dia-mundial-de-la-actividad-fisica-y-de-la-convivencia-escolar\/\" class=\"_self\" target=\"_self\" >DIA MUNDIAL DE LA ACTIVIDAD FISICA Y DE LA CONVIVENCIA ESCOLAR<\/a><\/h4><div class=\"pt-cv-content\">La comunidad escolar de nuestro colegio, se reuni\u00f3 el s\u00e1bado 27 de abril, para compartir una jornada diferente. Celebramos el d\u00eda mundial de la actividad f\u00edsica y la convivencia escolar, abandonando por 90 minutos los comportamientos de vida sedentaria (que en nada aportan a nuestro desarrollo), sumando minutos de movimiento y momentos alegr\u00eda para todos los presentes. Se realiz\u00f3 un programa que integraba acciones dirigidas por el Departamento de Educaci\u00f3n F\u00edsica y Salud con baile entretenido, movilidad articular y ejercitaciones ...<br \/><div class=\"pt-cv-rmwrap\"><a href=\"https:\/\/www.colegioquimahue.cl\/quimahue\/dia-mundial-de-la-actividad-fisica-y-de-la-convivencia-escolar\/\" class=\"_self pt-cv-readmore btn btn-success\" target=\"_self\">Leer M\u00e1s<\/a><\/div><\/div><\/div><\/div>\n<div class=\" pt-cv-content-item pt-cv-2-col\" ><div class=\"pt-cv-thumb-wrapper pull-left \"><a href=\"https:\/\/www.colegioquimahue.cl\/quimahue\/eucaristia-dia-de-la-madre-y-entrega-del-nuevo-testamento\/\" class=\"_self pt-cv-href-thumbnail pt-cv-thumb-left\" target=\"_self\" ><img loading=\"lazy\" decoding=\"async\" width=\"225\" height=\"300\" src=\"https:\/\/www.colegioquimahue.cl\/quimahue\/wp-content\/uploads\/2024\/05\/IMG-20240513-WA0093-225x300.jpg\" class=\"pt-cv-thumbnail pull-left\" alt=\"\" \/><\/a><\/div>\n<div class=\"pt-cv-colwrap\"><div class=\"pt-cv-taxoterm above_title\"><a href='https:\/\/www.colegioquimahue.cl\/quimahue\/categorias\/actividades\/' title='Actividades' class='pt-cv-tax-actividades'>Actividades<\/a><\/div><h4 class=\"pt-cv-title\"><a href=\"https:\/\/www.colegioquimahue.cl\/quimahue\/eucaristia-dia-de-la-madre-y-entrega-del-nuevo-testamento\/\" class=\"_self\" target=\"_self\" >EUCARIST\u00cdA D\u00cdA DE LA MADRE Y ENTREGA DEL NUEVO TESTAMENTO<\/a><\/h4><div class=\"pt-cv-content\">El fr\u00edo de la tarde no impidi\u00f3 que la comunidad escolar se reuniera este lunes 13 de mayo para celebrar a las madres con una hermosa Eucarist\u00eda, donde tambi\u00e9n recibieron su Nuevo Testamento los ni\u00f1os que se preparan para la Primera Comuni\u00f3n y los J\u00f3venes que completar\u00e1n su iniciaci\u00f3n cristiana con el sacramento de la Confirmaci\u00f3n. La celebraci\u00f3n fue presidida por el Obispo Diocesano, Monse\u00f1or Guillermo Vera, la comunidad or\u00f3, dio gracias a Dios y festej\u00f3 a todas las madres, ...<br \/><div class=\"pt-cv-rmwrap\"><a href=\"https:\/\/www.colegioquimahue.cl\/quimahue\/eucaristia-dia-de-la-madre-y-entrega-del-nuevo-testamento\/\" class=\"_self pt-cv-readmore btn btn-success\" target=\"_self\">Leer M\u00e1s<\/a><\/div><\/div><\/div><\/div>\n<div class=\" pt-cv-content-item pt-cv-2-col\" ><div class=\"pt-cv-thumb-wrapper pull-left \"><a href=\"https:\/\/www.colegioquimahue.cl\/quimahue\/participacion-comunidad-quimahue\/\" class=\"_self pt-cv-href-thumbnail pt-cv-thumb-left\" target=\"_self\" ><img loading=\"lazy\" decoding=\"async\" width=\"300\" height=\"199\" src=\"https:\/\/www.colegioquimahue.cl\/quimahue\/wp-content\/uploads\/2024\/05\/Captura-de-pantalla-2024-05-09-a-las-9.39.31\u202fa.-m-300x199.jpeg\" class=\"pt-cv-thumbnail pull-left\" alt=\"\" \/><\/a><\/div>\n<div class=\"pt-cv-colwrap\"><div class=\"pt-cv-taxoterm above_title\"><a href='https:\/\/www.colegioquimahue.cl\/quimahue\/categorias\/actividades\/' title='Actividades' class='pt-cv-tax-actividades'>Actividades<\/a><\/div><h4 class=\"pt-cv-title\"><a href=\"https:\/\/www.colegioquimahue.cl\/quimahue\/participacion-comunidad-quimahue\/\" class=\"_self\" target=\"_self\" >PARTICIPACI\u00d3N &#8211; COMUNIDAD QUIMAHUE<\/a><\/h4><div class=\"pt-cv-content\"> ...<br \/><div class=\"pt-cv-rmwrap\"><a href=\"https:\/\/www.colegioquimahue.cl\/quimahue\/participacion-comunidad-quimahue\/\" class=\"_self pt-cv-readmore btn btn-success\" target=\"_self\">Leer M\u00e1s<\/a><\/div><\/div><\/div><\/div>\n<div class=\" pt-cv-content-item pt-cv-2-col\" ><div class=\"pt-cv-thumb-wrapper pull-left \"><a href=\"https:\/\/www.colegioquimahue.cl\/quimahue\/participacion-de-la-comunidad-quimahue\/\" class=\"_self pt-cv-href-thumbnail pt-cv-thumb-left\" target=\"_self\" ><img decoding=\"async\" src=\"https:\/\/www.colegioquimahue.cl\/quimahue\/wp-content\/plugins\/content-views-query-and-display-post-page\/public\/assets\/images\/default_image.png\" class=\"pt-cv-thumbnail pull-left cv-default-img\" alt=\"PARTICIPACI\u00d3N DE LA COMUNIDAD QUIMAHUE\" title=\"\" \/><\/a><\/div>\n<div class=\"pt-cv-colwrap\"><div class=\"pt-cv-taxoterm above_title\"><a href='https:\/\/www.colegioquimahue.cl\/quimahue\/categorias\/actividades\/' title='Actividades' class='pt-cv-tax-actividades'>Actividades<\/a><\/div><h4 class=\"pt-cv-title\"><a href=\"https:\/\/www.colegioquimahue.cl\/quimahue\/participacion-de-la-comunidad-quimahue\/\" class=\"_self\" target=\"_self\" >PARTICIPACI\u00d3N DE LA COMUNIDAD QUIMAHUE<\/a><\/h4><div class=\"pt-cv-content\"> ...<br \/><div class=\"pt-cv-rmwrap\"><a href=\"https:\/\/www.colegioquimahue.cl\/quimahue\/participacion-de-la-comunidad-quimahue\/\" class=\"_self pt-cv-readmore btn btn-success\" target=\"_self\">Leer M\u00e1s<\/a><\/div><\/div><\/div><\/div>\n<div class=\" pt-cv-content-item pt-cv-2-col\" ><div class=\"pt-cv-thumb-wrapper pull-left \"><a href=\"https:\/\/www.colegioquimahue.cl\/quimahue\/elecciones-centro-de-estudiantes\/\" class=\"_self pt-cv-href-thumbnail pt-cv-thumb-left\" target=\"_self\" ><img loading=\"lazy\" decoding=\"async\" width=\"300\" height=\"225\" src=\"https:\/\/www.colegioquimahue.cl\/quimahue\/wp-content\/uploads\/2024\/04\/Dia-de-Elecciones_52-300x225.jpg\" class=\"pt-cv-thumbnail pull-left\" alt=\"\" \/><\/a><\/div>\n<div class=\"pt-cv-colwrap\"><div class=\"pt-cv-taxoterm above_title\"><a href='https:\/\/www.colegioquimahue.cl\/quimahue\/categorias\/actividades\/' title='Actividades' class='pt-cv-tax-actividades'>Actividades<\/a><\/div><h4 class=\"pt-cv-title\"><a href=\"https:\/\/www.colegioquimahue.cl\/quimahue\/elecciones-centro-de-estudiantes\/\" class=\"_self\" target=\"_self\" >ELECCIONES CENTRO DE ESTUDIANTES<\/a><\/h4><div class=\"pt-cv-content\">COLEGIO QUIMAHUE De acuerdo al programa del Centro de Estudiantes y del cronograma establecido para el primer semestre, la semana pasada se realizaron dos significativos hechos que permitieron a nuestros estudiantes participar del proceso eleccionario para la renovaci\u00f3n de la directiva del Centro de Estudiantes (C.E.E.) de nuestro colegio. El primero, ante toda la comunidad educativa, fue la presentaci\u00f3n de las dos listas inscritas para participar de la elecci\u00f3n para asumir los cargos directivos de esta importante organizaci\u00f3n, que representa ...<br \/><div class=\"pt-cv-rmwrap\"><a href=\"https:\/\/www.colegioquimahue.cl\/quimahue\/elecciones-centro-de-estudiantes\/\" class=\"_self pt-cv-readmore btn btn-success\" target=\"_self\">Leer M\u00e1s<\/a><\/div><\/div><\/div><\/div>\n<div class=\" pt-cv-content-item pt-cv-2-col\" ><div class=\"pt-cv-thumb-wrapper pull-left \"><a href=\"https:\/\/www.colegioquimahue.cl\/quimahue\/debate-elecciones-centro-de-estudiantes-2024\/\" class=\"_self pt-cv-href-thumbnail pt-cv-thumb-left\" target=\"_self\" ><img loading=\"lazy\" decoding=\"async\" width=\"300\" height=\"162\" src=\"https:\/\/www.colegioquimahue.cl\/quimahue\/wp-content\/uploads\/2024\/04\/Debate-CEE-2024_24-300x162.jpeg\" class=\"pt-cv-thumbnail pull-left\" alt=\"\" \/><\/a><\/div>\n<div class=\"pt-cv-colwrap\"><div class=\"pt-cv-taxoterm above_title\"><a href='https:\/\/www.colegioquimahue.cl\/quimahue\/categorias\/actividades\/' title='Actividades' class='pt-cv-tax-actividades'>Actividades<\/a><\/div><h4 class=\"pt-cv-title\"><a href=\"https:\/\/www.colegioquimahue.cl\/quimahue\/debate-elecciones-centro-de-estudiantes-2024\/\" class=\"_self\" target=\"_self\" >DEBATE ELECCIONES CENTRO DE ESTUDIANTES 2024<\/a><\/h4><div class=\"pt-cv-content\">Una exitosa presentaci\u00f3n ocurri\u00f3 este martes 16 de abril. Nuestro \"patio rojo\" volvi\u00f3 a ser mudo testigo de un brillante bot\u00f3n de muestra de las capacidades de nuestros estudiantes. El Centro de Estudiantes organiz\u00f3 y ejecut\u00f3 el debate de las listas postulantes a encabezar el gobierno estudiantil, para el periodo 2024-2025.Felicitaciones a todos y todas por esta actividad que se rescata en su esplendor ...<br \/><div class=\"pt-cv-rmwrap\"><a href=\"https:\/\/www.colegioquimahue.cl\/quimahue\/debate-elecciones-centro-de-estudiantes-2024\/\" class=\"_self pt-cv-readmore btn btn-success\" target=\"_self\">Leer M\u00e1s<\/a><\/div><\/div><\/div><\/div><\/div><\/div>\n<div class=\" pt-cv-pagination-wrapper\"><ul class=\"pt-cv-pagination pt-cv-ajax pagination\" data-totalpages=\"2\" data-currentpage=\"1\" data-sid=\"673af344s9\" data-unid=\"\" data-isblock=\"\" data-postid=\"\"><li class=\"active\"><a href=\"#\">1<\/a><\/li>\n\t<li ><a class=\"\" href=\"https:\/\/www.colegioquimahue.cl\/quimahue\/wp-json\/wp\/v2\/pages\/34\/?_page=2\">2<\/a><\/li>\n\t<li ><a class=\" \" href=\"https:\/\/www.colegioquimahue.cl\/quimahue\/wp-json\/wp\/v2\/pages\/34\/?_page=2\">&rsaquo;<\/a><\/li>\n\t<\/ul><img loading=\"lazy\" decoding=\"async\" width=\"15\" height=\"15\" class=\"pt-cv-spinner\" alt=\"Cargando...\" src=\"data:image\/gif;base64,R0lGODlhDwAPALMPAMrKygwMDJOTkz09PZWVla+vr3p6euTk5M7OzuXl5TMzMwAAAJmZmWZmZszMzP\/\/\/yH\/C05FVFNDQVBFMi4wAwEAAAAh+QQFCgAPACwAAAAADwAPAAAEQvDJaZaZOIcV8iQK8VRX4iTYoAwZ4iCYoAjZ4RxejhVNoT+mRGP4cyF4Pp0N98sBGIBMEMOotl6YZ3S61Bmbkm4mAgAh+QQFCgAPACwAAAAADQANAAAENPDJSRSZeA418itN8QiK8BiLITVsFiyBBIoYqnoewAD4xPw9iY4XLGYSjkQR4UAUD45DLwIAIfkEBQoADwAsAAAAAA8ACQAABC\/wyVlamTi3nSdgwFNdhEJgTJoNyoB9ISYoQmdjiZPcj7EYCAeCF1gEDo4Dz2eIAAAh+QQFCgAPACwCAAAADQANAAAEM\/DJBxiYeLKdX3IJZT1FU0iIg2RNKx3OkZVnZ98ToRD4MyiDnkAh6BkNC0MvsAj0kMpHBAAh+QQFCgAPACwGAAAACQAPAAAEMDC59KpFDll73HkAA2wVY5KgiK5b0RRoI6MuzG6EQqCDMlSGheEhUAgqgUUAFRySIgAh+QQFCgAPACwCAAIADQANAAAEM\/DJKZNLND\/kkKaHc3xk+QAMYDKsiaqmZCxGVjSFFCxB1vwy2oOgIDxuucxAMTAJFAJNBAAh+QQFCgAPACwAAAYADwAJAAAEMNAs86q1yaWwwv2Ig0jUZx3OYa4XoRAfwADXoAwfo1+CIjyFRuEho60aSNYlOPxEAAAh+QQFCgAPACwAAAIADQANAAAENPA9s4y8+IUVcqaWJ4qEQozSoAzoIyhCK2NFU2SJk0hNnyEOhKR2AzAAj4Pj4GE4W0bkJQIAOw==\" \/><div class=\"clear pt-cv-clear-pagination\"><\/div><\/div><\/div>\t\t\t<style type=\"text\/css\" id=\"pt-cv-inline-style-895ddd007e\">\n#pt-cv-view-673af344s9 .pt-cv-thumb-wrapper:not(.miniwrap) { width: 40%; }#pt-cv-view-673af344s9 .pt-cv-thumbnail:not(.pt-cv-thumbnailsm) { height: 300px; }#pt-cv-view-673af344s9 > .pt-cv-page {grid-template-columns: repeat(1, 1fr);grid-gap: 15px;}\n@media all and (max-width: 1024px) { \n#pt-cv-view-673af344s9 > .pt-cv-page {grid-template-columns: repeat(1, 1fr);}\n} \n@media all and (max-width: 767px) { \n#pt-cv-view-673af344s9 > .pt-cv-page {grid-template-columns: repeat(1, 1fr);}\n} <\/style>\r\n\t\t\t\n","protected":false},"excerpt":{"rendered":"","protected":false},"author":1,"featured_media":0,"parent":0,"menu_order":0,"comment_status":"closed","ping_status":"closed","template":"","meta":{"footnotes":""},"class_list":["post-34","page","type-page","status-publish","hentry"],"_links":{"self":[{"href":"https:\/\/www.colegioquimahue.cl\/quimahue\/wp-json\/wp\/v2\/pages\/34","targetHints":{"allow":["GET"]}}],"collection":[{"href":"https:\/\/www.colegioquimahue.cl\/quimahue\/wp-json\/wp\/v2\/pages"}],"about":[{"href":"https:\/\/www.colegioquimahue.cl\/quimahue\/wp-json\/wp\/v2\/types\/page"}],"author":[{"embeddable":true,"href":"https:\/\/www.colegioquimahue.cl\/quimahue\/wp-json\/wp\/v2\/users\/1"}],"replies":[{"embeddable":true,"href":"https:\/\/www.colegioquimahue.cl\/quimahue\/wp-json\/wp\/v2\/comments?post=34"}],"version-history":[{"count":2,"href":"https:\/\/www.colegioquimahue.cl\/quimahue\/wp-json\/wp\/v2\/pages\/34\/revisions"}],"predecessor-version":[{"id":885,"href":"https:\/\/www.colegioquimahue.cl\/quimahue\/wp-json\/wp\/v2\/pages\/34\/revisions\/885"}],"wp:attachment":[{"href":"https:\/\/www.colegioquimahue.cl\/quimahue\/wp-json\/wp\/v2\/media?parent=34"}],"curies":[{"name":"wp","href":"https:\/\/api.w.org\/{rel}","templated":true}]}}