{"id":9,"date":"2024-01-17T21:08:18","date_gmt":"2024-01-18T00:08:18","guid":{"rendered":"https:\/\/www.colegioquimahue.cl\/quimahue\/?page_id=9"},"modified":"2026-04-10T11:04:00","modified_gmt":"2026-04-10T15:04:00","slug":"inicio","status":"publish","type":"page","link":"https:\/\/www.colegioquimahue.cl\/quimahue\/","title":{"rendered":"NOTICIAS QUIMAHUE"},"content":{"rendered":"<p><a href=\"https:\/\/www.youtube.com\/watch?v=tC_YdbvYn50\" target=\"_blank\" rel=\"noopener\"><img loading=\"lazy\" decoding=\"async\" class=\"alignnone wp-image-4730 size-full\" src=\"https:\/\/www.colegioquimahue.cl\/quimahue\/wp-content\/uploads\/2026\/04\/youtube_cq2.jpg\" alt=\"\" width=\"1365\" height=\"704\" srcset=\"https:\/\/www.colegioquimahue.cl\/quimahue\/wp-content\/uploads\/2026\/04\/youtube_cq2.jpg 1365w, https:\/\/www.colegioquimahue.cl\/quimahue\/wp-content\/uploads\/2026\/04\/youtube_cq2-300x155.jpg 300w, https:\/\/www.colegioquimahue.cl\/quimahue\/wp-content\/uploads\/2026\/04\/youtube_cq2-1024x528.jpg 1024w, https:\/\/www.colegioquimahue.cl\/quimahue\/wp-content\/uploads\/2026\/04\/youtube_cq2-768x396.jpg 768w\" sizes=\"auto, (max-width: 1365px) 100vw, 1365px\" \/><\/a><\/p>\r\n<p style=\"text-align: center;\"><div class=\"pt-cv-wrapper\"><div class=\"pt-cv-view pt-cv-blockgrid iscvblock iscvhybrid grid1 layout1\" id=\"pt-cv-view-bd84623t6z\"><div data-id=\"pt-cv-page-1\" class=\"pt-cv-page\" data-cvc=\"2\"><div class=\" pt-cv-content-item pt-cv-1-col\" ><div class=\"pt-cv-thumb-wrapper  \"><a href=\"https:\/\/www.colegioquimahue.cl\/quimahue\/elecciones-centro-de-estudiantes-2026\/\" class=\"_self pt-cv-href-thumbnail pt-cv-thumb-default\" target=\"_self\" ><img loading=\"lazy\" decoding=\"async\" width=\"300\" height=\"200\" src=\"https:\/\/www.colegioquimahue.cl\/quimahue\/wp-content\/uploads\/2026\/04\/Listas-2026-300x200.png\" class=\"pt-cv-thumbnail\" alt=\"\" srcset=\"https:\/\/www.colegioquimahue.cl\/quimahue\/wp-content\/uploads\/2026\/04\/Listas-2026-300x200.png 300w, https:\/\/www.colegioquimahue.cl\/quimahue\/wp-content\/uploads\/2026\/04\/Listas-2026-1024x682.png 1024w, https:\/\/www.colegioquimahue.cl\/quimahue\/wp-content\/uploads\/2026\/04\/Listas-2026-768x512.png 768w, https:\/\/www.colegioquimahue.cl\/quimahue\/wp-content\/uploads\/2026\/04\/Listas-2026.png 1280w\" sizes=\"auto, (max-width: 300px) 100vw, 300px\" \/><\/a><\/div>\n<h4 class=\"pt-cv-title\"><a href=\"https:\/\/www.colegioquimahue.cl\/quimahue\/elecciones-centro-de-estudiantes-2026\/\" class=\"_self\" target=\"_self\" >ELECCIONES CENTRO DE ESTUDIANTES 2026<\/a><\/h4>\n<div class=\"pt-cv-content\">De acuerdo a lo establecido en los estatutos del Centro de Estudiantes, el martes 28 de abril se realiz\u00f3 un ...<\/div><\/div>\n<div class=\" pt-cv-content-item pt-cv-1-col\" ><div class=\"pt-cv-thumb-wrapper  \"><a href=\"https:\/\/www.colegioquimahue.cl\/quimahue\/dia-del-libro-en-quimahue\/\" class=\"_self pt-cv-href-thumbnail pt-cv-thumb-default\" target=\"_self\" ><img loading=\"lazy\" decoding=\"async\" width=\"300\" height=\"169\" src=\"https:\/\/www.colegioquimahue.cl\/quimahue\/wp-content\/uploads\/2026\/04\/Dia-Libro1-300x169.png\" class=\"pt-cv-thumbnail\" alt=\"\" srcset=\"https:\/\/www.colegioquimahue.cl\/quimahue\/wp-content\/uploads\/2026\/04\/Dia-Libro1-300x169.png 300w, https:\/\/www.colegioquimahue.cl\/quimahue\/wp-content\/uploads\/2026\/04\/Dia-Libro1-1024x576.png 1024w, https:\/\/www.colegioquimahue.cl\/quimahue\/wp-content\/uploads\/2026\/04\/Dia-Libro1-768x432.png 768w, https:\/\/www.colegioquimahue.cl\/quimahue\/wp-content\/uploads\/2026\/04\/Dia-Libro1-1536x864.png 1536w, https:\/\/www.colegioquimahue.cl\/quimahue\/wp-content\/uploads\/2026\/04\/Dia-Libro1.png 1920w\" sizes=\"auto, (max-width: 300px) 100vw, 300px\" \/><\/a><\/div>\n<h4 class=\"pt-cv-title\"><a href=\"https:\/\/www.colegioquimahue.cl\/quimahue\/dia-del-libro-en-quimahue\/\" class=\"_self\" target=\"_self\" >D\u00cdA DEL LIBRO EN QUIMAHUE<\/a><\/h4>\n<div class=\"pt-cv-content\">El 23 de abril fue instaurado como el D\u00eda del Libro, la Lectura, el Idioma y el Derecho de autor ...<\/div><\/div>\n<div class=\" pt-cv-content-item pt-cv-1-col\" ><div class=\"pt-cv-thumb-wrapper  \"><a href=\"https:\/\/www.colegioquimahue.cl\/quimahue\/encuentro-deportivo-preparatorio-fortalece-el-futsal-escolar-en-nuestro-colegio\/\" class=\"_self pt-cv-href-thumbnail pt-cv-thumb-default\" target=\"_self\" ><img loading=\"lazy\" decoding=\"async\" width=\"300\" height=\"169\" src=\"https:\/\/www.colegioquimahue.cl\/quimahue\/wp-content\/uploads\/2026\/04\/ptd-Futsal-2026-300x169.jpeg\" class=\"pt-cv-thumbnail\" alt=\"\" srcset=\"https:\/\/www.colegioquimahue.cl\/quimahue\/wp-content\/uploads\/2026\/04\/ptd-Futsal-2026-300x169.jpeg 300w, https:\/\/www.colegioquimahue.cl\/quimahue\/wp-content\/uploads\/2026\/04\/ptd-Futsal-2026-1024x576.jpeg 1024w, https:\/\/www.colegioquimahue.cl\/quimahue\/wp-content\/uploads\/2026\/04\/ptd-Futsal-2026-768x432.jpeg 768w, https:\/\/www.colegioquimahue.cl\/quimahue\/wp-content\/uploads\/2026\/04\/ptd-Futsal-2026.jpeg 1280w\" sizes=\"auto, (max-width: 300px) 100vw, 300px\" \/><\/a><\/div>\n<h4 class=\"pt-cv-title\"><a href=\"https:\/\/www.colegioquimahue.cl\/quimahue\/encuentro-deportivo-preparatorio-fortalece-el-futsal-escolar-en-nuestro-colegio\/\" class=\"_self\" target=\"_self\" >FORTALECIENDO EL FUTSAL<\/a><\/h4>\n<div class=\"pt-cv-content\">Encuentro deportivo preparatorio fortalece el futsal escolar en nuestro colegio. El d\u00eda martes 14 de abril se llev\u00f3 a cabo ...<\/div><\/div>\n<div class=\" pt-cv-content-item pt-cv-1-col\" ><div class=\"pt-cv-thumb-wrapper  \"><a href=\"https:\/\/www.colegioquimahue.cl\/quimahue\/dia-mundial-de-la-actividad-fisica\/\" class=\"_self pt-cv-href-thumbnail pt-cv-thumb-default\" target=\"_self\" ><img loading=\"lazy\" decoding=\"async\" width=\"300\" height=\"169\" src=\"https:\/\/www.colegioquimahue.cl\/quimahue\/wp-content\/uploads\/2026\/04\/ptd-Act-Fisica-2026-300x169.jpeg\" class=\"pt-cv-thumbnail\" alt=\"\" srcset=\"https:\/\/www.colegioquimahue.cl\/quimahue\/wp-content\/uploads\/2026\/04\/ptd-Act-Fisica-2026-300x169.jpeg 300w, https:\/\/www.colegioquimahue.cl\/quimahue\/wp-content\/uploads\/2026\/04\/ptd-Act-Fisica-2026-1024x576.jpeg 1024w, https:\/\/www.colegioquimahue.cl\/quimahue\/wp-content\/uploads\/2026\/04\/ptd-Act-Fisica-2026-768x432.jpeg 768w, https:\/\/www.colegioquimahue.cl\/quimahue\/wp-content\/uploads\/2026\/04\/ptd-Act-Fisica-2026.jpeg 1280w\" sizes=\"auto, (max-width: 300px) 100vw, 300px\" \/><\/a><\/div>\n<h4 class=\"pt-cv-title\"><a href=\"https:\/\/www.colegioquimahue.cl\/quimahue\/dia-mundial-de-la-actividad-fisica\/\" class=\"_self\" target=\"_self\" >\u00abD\u00cdA MUNDIAL DE LA ACTIVIDAD F\u00cdSICA\u00bb<\/a><\/h4>\n<div class=\"pt-cv-content\">La comunidad escolar de Colegio Quimahue (estudiantes, apoderados y profesores), se dio cita el s\u00e1bado 18 del presente, en el ...<\/div><\/div>\n<div class=\" pt-cv-content-item pt-cv-1-col\" ><div class=\"pt-cv-thumb-wrapper  \"><a href=\"https:\/\/www.colegioquimahue.cl\/quimahue\/celebracion-de-semana-santa\/\" class=\"_self pt-cv-href-thumbnail pt-cv-thumb-default\" target=\"_self\" ><img loading=\"lazy\" decoding=\"async\" width=\"300\" height=\"300\" src=\"https:\/\/www.colegioquimahue.cl\/quimahue\/wp-content\/uploads\/2026\/04\/ptd-Ssanta-2026-300x300.png\" class=\"pt-cv-thumbnail\" alt=\"\" srcset=\"https:\/\/www.colegioquimahue.cl\/quimahue\/wp-content\/uploads\/2026\/04\/ptd-Ssanta-2026-300x300.png 300w, https:\/\/www.colegioquimahue.cl\/quimahue\/wp-content\/uploads\/2026\/04\/ptd-Ssanta-2026-1024x1024.png 1024w, https:\/\/www.colegioquimahue.cl\/quimahue\/wp-content\/uploads\/2026\/04\/ptd-Ssanta-2026-150x150.png 150w, https:\/\/www.colegioquimahue.cl\/quimahue\/wp-content\/uploads\/2026\/04\/ptd-Ssanta-2026-768x768.png 768w, https:\/\/www.colegioquimahue.cl\/quimahue\/wp-content\/uploads\/2026\/04\/ptd-Ssanta-2026.png 1080w\" sizes=\"auto, (max-width: 300px) 100vw, 300px\" \/><\/a><\/div>\n<h4 class=\"pt-cv-title\"><a href=\"https:\/\/www.colegioquimahue.cl\/quimahue\/celebracion-de-semana-santa\/\" class=\"_self\" target=\"_self\" >CELEBRACI\u00d3N DE SEMANA SANTA<\/a><\/h4>\n<div class=\"pt-cv-content\">El jueves 02 de abril, nuestro colegio se llen\u00f3 de cultura, arte y espiritualidad con la puesta en escena de ...<\/div><\/div>\n<div class=\" pt-cv-content-item pt-cv-1-col\" ><div class=\"pt-cv-thumb-wrapper  \"><a href=\"https:\/\/www.colegioquimahue.cl\/quimahue\/el-doctor-salud-y-su-ayudante-verdurita\/\" class=\"_self pt-cv-href-thumbnail pt-cv-thumb-default\" target=\"_self\" ><img loading=\"lazy\" decoding=\"async\" width=\"300\" height=\"168\" src=\"https:\/\/www.colegioquimahue.cl\/quimahue\/wp-content\/uploads\/2026\/03\/ptd-DryVerdura-300x168.png\" class=\"pt-cv-thumbnail\" alt=\"\" srcset=\"https:\/\/www.colegioquimahue.cl\/quimahue\/wp-content\/uploads\/2026\/03\/ptd-DryVerdura-300x168.png 300w, https:\/\/www.colegioquimahue.cl\/quimahue\/wp-content\/uploads\/2026\/03\/ptd-DryVerdura-1024x573.png 1024w, https:\/\/www.colegioquimahue.cl\/quimahue\/wp-content\/uploads\/2026\/03\/ptd-DryVerdura-768x430.png 768w, https:\/\/www.colegioquimahue.cl\/quimahue\/wp-content\/uploads\/2026\/03\/ptd-DryVerdura-1536x860.png 1536w, https:\/\/www.colegioquimahue.cl\/quimahue\/wp-content\/uploads\/2026\/03\/ptd-DryVerdura.png 1600w\" sizes=\"auto, (max-width: 300px) 100vw, 300px\" \/><\/a><\/div>\n<h4 class=\"pt-cv-title\"><a href=\"https:\/\/www.colegioquimahue.cl\/quimahue\/el-doctor-salud-y-su-ayudante-verdurita\/\" class=\"_self\" target=\"_self\" >EL DOCTOR SALUD Y SU AYUDANTE VERDURITA<\/a><\/h4>\n<div class=\"pt-cv-content\">Dirigida a estudiantes del primer ciclo de Educaci\u00f3n B\u00e1sica de nuestro colegio, el viernes 13 de marzo se present\u00f3 la ...<\/div><\/div>\n<div class=\" pt-cv-content-item pt-cv-1-col\" ><div class=\"pt-cv-thumb-wrapper  \"><a href=\"https:\/\/www.colegioquimahue.cl\/quimahue\/excelentes-resultados-simce-destacan-el-compromiso-de-la-comunidad-educativa-del-colegio-quimahue\/\" class=\"_self pt-cv-href-thumbnail pt-cv-thumb-default\" target=\"_self\" ><img loading=\"lazy\" decoding=\"async\" width=\"300\" height=\"300\" src=\"https:\/\/www.colegioquimahue.cl\/quimahue\/wp-content\/uploads\/2026\/03\/Resulsimce2025-300x300.png\" class=\"pt-cv-thumbnail\" alt=\"\" srcset=\"https:\/\/www.colegioquimahue.cl\/quimahue\/wp-content\/uploads\/2026\/03\/Resulsimce2025-300x300.png 300w, https:\/\/www.colegioquimahue.cl\/quimahue\/wp-content\/uploads\/2026\/03\/Resulsimce2025-1024x1024.png 1024w, https:\/\/www.colegioquimahue.cl\/quimahue\/wp-content\/uploads\/2026\/03\/Resulsimce2025-150x150.png 150w, https:\/\/www.colegioquimahue.cl\/quimahue\/wp-content\/uploads\/2026\/03\/Resulsimce2025-768x768.png 768w, https:\/\/www.colegioquimahue.cl\/quimahue\/wp-content\/uploads\/2026\/03\/Resulsimce2025.png 1080w\" sizes=\"auto, (max-width: 300px) 100vw, 300px\" \/><\/a><\/div>\n<h4 class=\"pt-cv-title\"><a href=\"https:\/\/www.colegioquimahue.cl\/quimahue\/excelentes-resultados-simce-destacan-el-compromiso-de-la-comunidad-educativa-del-colegio-quimahue\/\" class=\"_self\" target=\"_self\" >RESULTADOS SIMCE 2025<\/a><\/h4>\n<div class=\"pt-cv-content\">Con gran satisfacci\u00f3n, compartimos con toda la comunidad educativa los excelentes resultados obtenidos en la \u00faltima medici\u00f3n del SIMCE, logro ...<\/div><\/div>\n<div class=\" pt-cv-content-item pt-cv-1-col\" ><div class=\"pt-cv-thumb-wrapper  \"><a href=\"https:\/\/www.colegioquimahue.cl\/quimahue\/conmemoracion-dia-de-la-mujer\/\" class=\"_self pt-cv-href-thumbnail pt-cv-thumb-default\" target=\"_self\" ><img loading=\"lazy\" decoding=\"async\" width=\"300\" height=\"220\" src=\"https:\/\/www.colegioquimahue.cl\/quimahue\/wp-content\/uploads\/2026\/03\/PTD_DIA-MUJER-300x220.jpeg\" class=\"pt-cv-thumbnail\" alt=\"\" srcset=\"https:\/\/www.colegioquimahue.cl\/quimahue\/wp-content\/uploads\/2026\/03\/PTD_DIA-MUJER-300x220.jpeg 300w, https:\/\/www.colegioquimahue.cl\/quimahue\/wp-content\/uploads\/2026\/03\/PTD_DIA-MUJER-1024x750.jpeg 1024w, https:\/\/www.colegioquimahue.cl\/quimahue\/wp-content\/uploads\/2026\/03\/PTD_DIA-MUJER-768x563.jpeg 768w, https:\/\/www.colegioquimahue.cl\/quimahue\/wp-content\/uploads\/2026\/03\/PTD_DIA-MUJER-e1773759026883.jpeg 800w\" sizes=\"auto, (max-width: 300px) 100vw, 300px\" \/><\/a><\/div>\n<h4 class=\"pt-cv-title\"><a href=\"https:\/\/www.colegioquimahue.cl\/quimahue\/conmemoracion-dia-de-la-mujer\/\" class=\"_self\" target=\"_self\" >CONMEMORACI\u00d3N D\u00cdA DE LA MUJER\u00a0<\/a><\/h4>\n<div class=\"pt-cv-content\">El d\u00eda 09 \u00a0 de marzo del presente a\u00f1o, el Departamento de Historia y Filosof\u00eda con la colaboraci\u00f3n de los ...<\/div><\/div>\n<div class=\" pt-cv-content-item pt-cv-1-col\" ><div class=\"pt-cv-thumb-wrapper  \"><a href=\"https:\/\/www.colegioquimahue.cl\/quimahue\/y-llego-el-dia\/\" class=\"_self pt-cv-href-thumbnail pt-cv-thumb-default\" target=\"_self\" ><img loading=\"lazy\" decoding=\"async\" width=\"300\" height=\"140\" src=\"https:\/\/www.colegioquimahue.cl\/quimahue\/wp-content\/uploads\/2026\/03\/ptd-1dia-clases-1-300x140.jpg\" class=\"pt-cv-thumbnail\" alt=\"\" srcset=\"https:\/\/www.colegioquimahue.cl\/quimahue\/wp-content\/uploads\/2026\/03\/ptd-1dia-clases-1-300x140.jpg 300w, https:\/\/www.colegioquimahue.cl\/quimahue\/wp-content\/uploads\/2026\/03\/ptd-1dia-clases-1-1024x478.jpg 1024w, https:\/\/www.colegioquimahue.cl\/quimahue\/wp-content\/uploads\/2026\/03\/ptd-1dia-clases-1-768x359.jpg 768w, https:\/\/www.colegioquimahue.cl\/quimahue\/wp-content\/uploads\/2026\/03\/ptd-1dia-clases-1-1536x717.jpg 1536w, https:\/\/www.colegioquimahue.cl\/quimahue\/wp-content\/uploads\/2026\/03\/ptd-1dia-clases-1-2048x956.jpg 2048w\" sizes=\"auto, (max-width: 300px) 100vw, 300px\" \/><\/a><\/div>\n<h4 class=\"pt-cv-title\"><a href=\"https:\/\/www.colegioquimahue.cl\/quimahue\/y-llego-el-dia\/\" class=\"_self\" target=\"_self\" >\u00a1 Y lleg\u00f3 el d\u00eda !<\/a><\/h4>\n<div class=\"pt-cv-content\">INICIO A\u00d1O ESCOLAR 2026 EL 02 de marzo, marc\u00f3 el inicio de las actividades acad\u00e9micas de nuestros estudiantes. Con especial ...<\/div><\/div>\n<div class=\" pt-cv-content-item pt-cv-1-col\" ><div class=\"pt-cv-thumb-wrapper  \"><a href=\"https:\/\/www.colegioquimahue.cl\/quimahue\/semana-de-capacitaciones\/\" class=\"_self pt-cv-href-thumbnail pt-cv-thumb-default\" target=\"_self\" ><img loading=\"lazy\" decoding=\"async\" width=\"300\" height=\"169\" src=\"https:\/\/www.colegioquimahue.cl\/quimahue\/wp-content\/uploads\/2026\/03\/ptdscapa-300x169.jpg\" class=\"pt-cv-thumbnail\" alt=\"\" srcset=\"https:\/\/www.colegioquimahue.cl\/quimahue\/wp-content\/uploads\/2026\/03\/ptdscapa-300x169.jpg 300w, https:\/\/www.colegioquimahue.cl\/quimahue\/wp-content\/uploads\/2026\/03\/ptdscapa-1024x576.jpg 1024w, https:\/\/www.colegioquimahue.cl\/quimahue\/wp-content\/uploads\/2026\/03\/ptdscapa-768x432.jpg 768w, https:\/\/www.colegioquimahue.cl\/quimahue\/wp-content\/uploads\/2026\/03\/ptdscapa-1536x864.jpg 1536w, https:\/\/www.colegioquimahue.cl\/quimahue\/wp-content\/uploads\/2026\/03\/ptdscapa.jpg 1920w\" sizes=\"auto, (max-width: 300px) 100vw, 300px\" \/><\/a><\/div>\n<h4 class=\"pt-cv-title\"><a href=\"https:\/\/www.colegioquimahue.cl\/quimahue\/semana-de-capacitaciones\/\" class=\"_self\" target=\"_self\" >SEMANA DE CAPACITACIONES<\/a><\/h4>\n<div class=\"pt-cv-content\">Previo al inicio de las actividades acad\u00e9micas con nuestros alumnos y en concordancia con los lineamientos establecidos en el proyecto ...<\/div><\/div><\/div><\/div>\n<div class=\" pt-cv-pagination-wrapper\"><ul class=\"pt-cv-pagination pt-cv-ajax pagination\" data-totalpages=\"2\" data-currentpage=\"1\" data-sid=\"bd84623t6z\" data-unid=\"\" data-isblock=\"\" data-postid=\"\"><li class=\"active\"><a href=\"#\">1<\/a><\/li>\n\t<li ><a class=\"\" href=\"https:\/\/www.colegioquimahue.cl\/quimahue\/wp-json\/wp\/v2\/pages\/9\/?_page=2\">2<\/a><\/li>\n\t<li ><a class=\" \" href=\"https:\/\/www.colegioquimahue.cl\/quimahue\/wp-json\/wp\/v2\/pages\/9\/?_page=2\">&rsaquo;<\/a><\/li>\n\t<\/ul><img loading=\"lazy\" decoding=\"async\" width=\"15\" height=\"15\" class=\"pt-cv-spinner\" alt=\"Cargando...\" src=\"data:image\/gif;base64,R0lGODlhDwAPALMPAMrKygwMDJOTkz09PZWVla+vr3p6euTk5M7OzuXl5TMzMwAAAJmZmWZmZszMzP\/\/\/yH\/C05FVFNDQVBFMi4wAwEAAAAh+QQFCgAPACwAAAAADwAPAAAEQvDJaZaZOIcV8iQK8VRX4iTYoAwZ4iCYoAjZ4RxejhVNoT+mRGP4cyF4Pp0N98sBGIBMEMOotl6YZ3S61Bmbkm4mAgAh+QQFCgAPACwAAAAADQANAAAENPDJSRSZeA418itN8QiK8BiLITVsFiyBBIoYqnoewAD4xPw9iY4XLGYSjkQR4UAUD45DLwIAIfkEBQoADwAsAAAAAA8ACQAABC\/wyVlamTi3nSdgwFNdhEJgTJoNyoB9ISYoQmdjiZPcj7EYCAeCF1gEDo4Dz2eIAAAh+QQFCgAPACwCAAAADQANAAAEM\/DJBxiYeLKdX3IJZT1FU0iIg2RNKx3OkZVnZ98ToRD4MyiDnkAh6BkNC0MvsAj0kMpHBAAh+QQFCgAPACwGAAAACQAPAAAEMDC59KpFDll73HkAA2wVY5KgiK5b0RRoI6MuzG6EQqCDMlSGheEhUAgqgUUAFRySIgAh+QQFCgAPACwCAAIADQANAAAEM\/DJKZNLND\/kkKaHc3xk+QAMYDKsiaqmZCxGVjSFFCxB1vwy2oOgIDxuucxAMTAJFAJNBAAh+QQFCgAPACwAAAYADwAJAAAEMNAs86q1yaWwwv2Ig0jUZx3OYa4XoRAfwADXoAwfo1+CIjyFRuEho60aSNYlOPxEAAAh+QQFCgAPACwAAAIADQANAAAENPA9s4y8+IUVcqaWJ4qEQozSoAzoIyhCK2NFU2SJk0hNnyEOhKR2AzAAj4Pj4GE4W0bkJQIAOw==\" \/><div class=\"clear pt-cv-clear-pagination\"><\/div><\/div><\/div>\t\t\t<style type=\"text\/css\" id=\"pt-cv-inline-style-18f55c49rb\">\n#pt-cv-view-bd84623t6z .pt-cv-thumb-wrapper:not(.miniwrap) {  }#pt-cv-view-bd84623t6z .pt-cv-thumbnail:not(.pt-cv-thumbnailsm) { height: 250px; }#pt-cv-view-bd84623t6z > .pt-cv-page {grid-template-columns: repeat(2, 1fr);grid-gap: 15px;}\n@media all and (max-width: 1024px) { \n#pt-cv-view-bd84623t6z > .pt-cv-page {grid-template-columns: repeat(1, 1fr);}\n} \n@media all and (max-width: 767px) { \n#pt-cv-view-bd84623t6z > .pt-cv-page {grid-template-columns: repeat(1, 1fr);}\n} <\/style>\r\n\t\t\t\n","protected":false},"excerpt":{"rendered":"","protected":false},"author":1,"featured_media":0,"parent":0,"menu_order":0,"comment_status":"closed","ping_status":"closed","template":"","meta":{"footnotes":""},"class_list":["post-9","page","type-page","status-publish","hentry"],"_links":{"self":[{"href":"https:\/\/www.colegioquimahue.cl\/quimahue\/wp-json\/wp\/v2\/pages\/9","targetHints":{"allow":["GET"]}}],"collection":[{"href":"https:\/\/www.colegioquimahue.cl\/quimahue\/wp-json\/wp\/v2\/pages"}],"about":[{"href":"https:\/\/www.colegioquimahue.cl\/quimahue\/wp-json\/wp\/v2\/types\/page"}],"author":[{"embeddable":true,"href":"https:\/\/www.colegioquimahue.cl\/quimahue\/wp-json\/wp\/v2\/users\/1"}],"replies":[{"embeddable":true,"href":"https:\/\/www.colegioquimahue.cl\/quimahue\/wp-json\/wp\/v2\/comments?post=9"}],"version-history":[{"count":41,"href":"https:\/\/www.colegioquimahue.cl\/quimahue\/wp-json\/wp\/v2\/pages\/9\/revisions"}],"predecessor-version":[{"id":4731,"href":"https:\/\/www.colegioquimahue.cl\/quimahue\/wp-json\/wp\/v2\/pages\/9\/revisions\/4731"}],"wp:attachment":[{"href":"https:\/\/www.colegioquimahue.cl\/quimahue\/wp-json\/wp\/v2\/media?parent=9"}],"curies":[{"name":"wp","href":"https:\/\/api.w.org\/{rel}","templated":true}]}}